{"id":4045,"date":"2016-08-25T11:49:13","date_gmt":"2016-08-25T11:49:13","guid":{"rendered":"http:\/\/www.alexandrarombinha.pt\/?page_id=4045"},"modified":"2025-05-08T06:32:45","modified_gmt":"2025-05-08T06:32:45","slug":"sobre","status":"publish","type":"page","link":"https:\/\/alexandrarombinha.pt\/?page_id=4045","title":{"rendered":"Sobre"},"content":{"rendered":"<p style=\"text-align: justify;\"><img loading=\"lazy\" class=\"wp-image-4337 alignleft\" src=\"https:\/\/alexandrarombinha.pt\/wp-content\/uploads\/2019\/09\/alexandrarombinha-683x1024.jpg\" alt=\"\" width=\"388\" height=\"582\" srcset=\"https:\/\/alexandrarombinha.pt\/wp-content\/uploads\/2019\/09\/alexandrarombinha-683x1024.jpg 683w, https:\/\/alexandrarombinha.pt\/wp-content\/uploads\/2019\/09\/alexandrarombinha-200x300.jpg 200w, https:\/\/alexandrarombinha.pt\/wp-content\/uploads\/2019\/09\/alexandrarombinha-768x1152.jpg 768w, https:\/\/alexandrarombinha.pt\/wp-content\/uploads\/2019\/09\/alexandrarombinha-600x900.jpg 600w, https:\/\/alexandrarombinha.pt\/wp-content\/uploads\/2019\/09\/alexandrarombinha-620x930.jpg 620w, https:\/\/alexandrarombinha.pt\/wp-content\/uploads\/2019\/09\/alexandrarombinha.jpg 1000w\" sizes=\"(max-width: 388px) 100vw, 388px\" \/><span style=\"font-size: 12pt;\">Mental and Behavior Coach, membro da Associa\u00e7\u00e3o de Hipnose Clinica de Portugal e criadora do m\u00e9todo Autoconhecimento de Resson\u00e2ncia. Integra na sua pr\u00e1tica clinica abordagens terap\u00eauticas inovadoras no Algarve, Lisboa e Almada. Forma\u00e7\u00e3o e consultoria na gest\u00e3o do stress e das emo\u00e7\u00f5es na \u00e1rea empresarial.<\/span><\/p>\n<br \/>\n<p style=\"text-align: justify;\"><span style=\"font-size: 12pt;\">Fundadora dos projetos, na \u00e1rea da educa\u00e7\u00e3o, &#8221; Educar para a Mudan\u00e7a\u201c facilitando forma\u00e7\u00e3o especializada e apoio individualizado a docentes, e \u201cAcreditar no Ser para Vencer&#8221; dirigido a jovens, no treino de compet\u00eancias emocionais e mentais para a alta performance pessoal e profissional.<\/span><\/p>\n<br \/>\n<p style=\"text-align: justify;\"><span style=\"font-size: 12pt;\">Autora do livro infanto-juvenil na \u00e1rea do autoconhecimento <strong>&#8220;Quando Tu Acreditas!&#8221;<\/strong><\/span><\/p>\n","protected":false},"excerpt":{"rendered":"<p>Mental and Behavior Coach, membro da Associa\u00e7\u00e3o de Hipnose Clinica de Portugal e criadora do m\u00e9todo Autoconhecimento de Resson\u00e2ncia. Integra na sua pr\u00e1tica clinica abordagens terap\u00eauticas inovadoras no Algarve, Lisboa e Almada. Forma\u00e7\u00e3o e consultoria na gest\u00e3o do stress e das emo\u00e7\u00f5es na \u00e1rea empresarial. Fundadora dos projetos, na \u00e1rea da educa\u00e7\u00e3o, &#8221; Educar para&#8230;<\/p>\n","protected":false},"author":2,"featured_media":0,"parent":0,"menu_order":0,"comment_status":"closed","ping_status":"closed","template":"","meta":[],"yoast_head":"<!-- This site is optimized with the Yoast SEO plugin v16.4 - https:\/\/yoast.com\/wordpress\/plugins\/seo\/ -->\n<meta name=\"robots\" content=\"index, follow, max-snippet:-1, max-image-preview:large, max-video-preview:-1\" \/>\n<link rel=\"canonical\" href=\"https:\/\/alexandrarombinha.pt\/?page_id=4045\" \/>\n<meta property=\"og:locale\" content=\"pt_PT\" \/>\n<meta property=\"og:type\" content=\"article\" \/>\n<meta property=\"og:title\" content=\"Sobre - Autoconhecimento de Resson\u00e2ncia - Alexandra Rombinha\" \/>\n<meta property=\"og:description\" content=\"Mental and Behavior Coach, membro da Associa\u00e7\u00e3o de Hipnose Clinica de Portugal e criadora do m\u00e9todo Autoconhecimento de Resson\u00e2ncia. Integra na sua pr\u00e1tica clinica abordagens terap\u00eauticas inovadoras no Algarve, Lisboa e Almada. Forma\u00e7\u00e3o e consultoria na gest\u00e3o do stress e das emo\u00e7\u00f5es na \u00e1rea empresarial. Fundadora dos projetos, na \u00e1rea da educa\u00e7\u00e3o, &#8221; Educar para...\" \/>\n<meta property=\"og:url\" content=\"https:\/\/alexandrarombinha.pt\/?page_id=4045\" \/>\n<meta property=\"og:site_name\" content=\"Autoconhecimento de Resson\u00e2ncia - Alexandra Rombinha\" \/>\n<meta property=\"article:modified_time\" content=\"2025-05-08T06:32:45+00:00\" \/>\n<meta property=\"og:image\" content=\"https:\/\/alexandrarombinha.pt\/wp-content\/uploads\/2019\/09\/alexandrarombinha-683x1024.jpg\" \/>\n<meta name=\"twitter:card\" content=\"summary_large_image\" \/>\n<meta name=\"twitter:label1\" content=\"Tempo estimado de leitura\" \/>\n\t<meta name=\"twitter:data1\" content=\"1 minuto\" \/>\n<script type=\"application\/ld+json\" class=\"yoast-schema-graph\">{\"@context\":\"https:\/\/schema.org\",\"@graph\":[{\"@type\":[\"Person\",\"Organization\"],\"@id\":\"https:\/\/alexandrarombinha.pt\/#\/schema\/person\/7cb3b6c15eb82df6c5fb214eed41bdc6\",\"name\":\"Alexandra Rombinha\",\"image\":{\"@type\":\"ImageObject\",\"@id\":\"https:\/\/alexandrarombinha.pt\/#personlogo\",\"inLanguage\":\"pt-PT\",\"url\":\"https:\/\/secure.gravatar.com\/avatar\/519a7f9b5b413d58d6e587e853269962?s=96&d=mm&r=g\",\"contentUrl\":\"https:\/\/secure.gravatar.com\/avatar\/519a7f9b5b413d58d6e587e853269962?s=96&d=mm&r=g\",\"caption\":\"Alexandra Rombinha\"},\"logo\":{\"@id\":\"https:\/\/alexandrarombinha.pt\/#personlogo\"}},{\"@type\":\"WebSite\",\"@id\":\"https:\/\/alexandrarombinha.pt\/#website\",\"url\":\"https:\/\/alexandrarombinha.pt\/\",\"name\":\"Autoconhecimento de Resson\\u00e2ncia - Alexandra Rombinha\",\"description\":\"Mental and Behavior Coach\",\"publisher\":{\"@id\":\"https:\/\/alexandrarombinha.pt\/#\/schema\/person\/7cb3b6c15eb82df6c5fb214eed41bdc6\"},\"potentialAction\":[{\"@type\":\"SearchAction\",\"target\":\"https:\/\/alexandrarombinha.pt\/?s={search_term_string}\",\"query-input\":\"required name=search_term_string\"}],\"inLanguage\":\"pt-PT\"},{\"@type\":\"ImageObject\",\"@id\":\"https:\/\/alexandrarombinha.pt\/?page_id=4045#primaryimage\",\"inLanguage\":\"pt-PT\",\"url\":\"https:\/\/alexandrarombinha.pt\/wp-content\/uploads\/2019\/09\/alexandrarombinha.jpg\",\"contentUrl\":\"https:\/\/alexandrarombinha.pt\/wp-content\/uploads\/2019\/09\/alexandrarombinha.jpg\",\"width\":1000,\"height\":1500},{\"@type\":\"WebPage\",\"@id\":\"https:\/\/alexandrarombinha.pt\/?page_id=4045#webpage\",\"url\":\"https:\/\/alexandrarombinha.pt\/?page_id=4045\",\"name\":\"Sobre - Autoconhecimento de Resson\\u00e2ncia - Alexandra Rombinha\",\"isPartOf\":{\"@id\":\"https:\/\/alexandrarombinha.pt\/#website\"},\"primaryImageOfPage\":{\"@id\":\"https:\/\/alexandrarombinha.pt\/?page_id=4045#primaryimage\"},\"datePublished\":\"2016-08-25T11:49:13+00:00\",\"dateModified\":\"2025-05-08T06:32:45+00:00\",\"breadcrumb\":{\"@id\":\"https:\/\/alexandrarombinha.pt\/?page_id=4045#breadcrumb\"},\"inLanguage\":\"pt-PT\",\"potentialAction\":[{\"@type\":\"ReadAction\",\"target\":[\"https:\/\/alexandrarombinha.pt\/?page_id=4045\"]}]},{\"@type\":\"BreadcrumbList\",\"@id\":\"https:\/\/alexandrarombinha.pt\/?page_id=4045#breadcrumb\",\"itemListElement\":[{\"@type\":\"ListItem\",\"position\":1,\"item\":{\"@type\":\"WebPage\",\"@id\":\"https:\/\/alexandrarombinha.pt\/\",\"url\":\"https:\/\/alexandrarombinha.pt\/\",\"name\":\"In\\u00edcio\"}},{\"@type\":\"ListItem\",\"position\":2,\"item\":{\"@id\":\"https:\/\/alexandrarombinha.pt\/?page_id=4045#webpage\"}}]}]}<\/script>\n<!-- \/ Yoast SEO plugin. -->","_links":{"self":[{"href":"https:\/\/alexandrarombinha.pt\/index.php?rest_route=\/wp\/v2\/pages\/4045"}],"collection":[{"href":"https:\/\/alexandrarombinha.pt\/index.php?rest_route=\/wp\/v2\/pages"}],"about":[{"href":"https:\/\/alexandrarombinha.pt\/index.php?rest_route=\/wp\/v2\/types\/page"}],"author":[{"embeddable":true,"href":"https:\/\/alexandrarombinha.pt\/index.php?rest_route=\/wp\/v2\/users\/2"}],"replies":[{"embeddable":true,"href":"https:\/\/alexandrarombinha.pt\/index.php?rest_route=%2Fwp%2Fv2%2Fcomments&post=4045"}],"version-history":[{"count":7,"href":"https:\/\/alexandrarombinha.pt\/index.php?rest_route=\/wp\/v2\/pages\/4045\/revisions"}],"predecessor-version":[{"id":4338,"href":"https:\/\/alexandrarombinha.pt\/index.php?rest_route=\/wp\/v2\/pages\/4045\/revisions\/4338"}],"wp:attachment":[{"href":"https:\/\/alexandrarombinha.pt\/index.php?rest_route=%2Fwp%2Fv2%2Fmedia&parent=4045"}],"curies":[{"name":"wp","href":"https:\/\/api.w.org\/{rel}","templated":true}]}}