{"id":4047,"date":"2016-08-25T11:49:39","date_gmt":"2016-08-25T11:49:39","guid":{"rendered":"http:\/\/www.alexandrarombinha.pt\/?page_id=4047"},"modified":"2017-01-03T22:41:04","modified_gmt":"2017-01-03T22:41:04","slug":"livro","status":"publish","type":"page","link":"https:\/\/alexandrarombinha.pt\/?page_id=4047","title":{"rendered":"Livro"},"content":{"rendered":"<p style=\"text-align: justify;\"><img loading=\"lazy\" class=\"size-medium wp-image-4092 alignleft\" src=\"http:\/\/www.alexandrarombinha.pt\/wp-content\/uploads\/2016\/08\/livro-300x282.jpg\" alt=\"livro\" width=\"300\" height=\"282\" srcset=\"https:\/\/alexandrarombinha.pt\/wp-content\/uploads\/2016\/08\/livro-300x282.jpg 300w, https:\/\/alexandrarombinha.pt\/wp-content\/uploads\/2016\/08\/livro-768x721.jpg 768w, https:\/\/alexandrarombinha.pt\/wp-content\/uploads\/2016\/08\/livro-1024x962.jpg 1024w, https:\/\/alexandrarombinha.pt\/wp-content\/uploads\/2016\/08\/livro-620x582.jpg 620w, https:\/\/alexandrarombinha.pt\/wp-content\/uploads\/2016\/08\/livro-1000x939.jpg 1000w\" sizes=\"(max-width: 300px) 100vw, 300px\" \/><span style=\"font-size: 12pt;\"><strong>Quando Tu Acreditas!<\/strong><\/span><\/p>\n<p style=\"text-align: justify;\"><span style=\"font-size: 12pt;\">Autor: Alexandra Rombinha<\/span><br \/>\n<span style=\"font-size: 12pt;\"> Data de publica\u00e7\u00e3o: Fevereiro de 2015<\/span><br \/>\n<span style=\"font-size: 12pt;\"> N\u00famero de p\u00e1ginas: 66<\/span><br \/>\n<span style=\"font-size: 12pt;\"> ISBN: 978-989-51-3600-1<\/span><br \/>\n<span style=\"font-size: 12pt;\"> Colec\u00e7\u00e3o: Literatura Juvenil<\/span><br \/>\n<span style=\"font-size: 12pt;\"> G\u00e9nero: Conto Infantil<\/span><\/p>\n<p style=\"text-align: justify;\"><span style=\"font-size: 12pt;\"><strong>Sinopse<\/strong><\/span><\/p>\n<p style=\"text-align: justify;\"><span style=\"font-size: 12pt;\">Encontramo-nos num per\u00edodo onde s\u00e3o grandes as transforma\u00e7\u00f5es da mentalidade que ocorrem na nossa sociedade. Este livro apela \u00e0 reflex\u00e3o em como SER um entre muitos. De que forma os pais e educadores podem conhecer-se a si mesmos e aos outros, lidando com as diferen\u00e7as de personalidade entre si e os seus filhos. Saber como ir ao encontro de cada crian\u00e7a e jovem entendendo e respeitando os diferentes comportamentos, motiva\u00e7\u00f5es, ritmos e interesses que cada um apresenta.<\/span><br \/>\n<span style=\"font-size: 12pt;\"> \u00a0<\/span><br \/>\n<span style=\"font-size: 12pt;\"> \u00a0<\/span><br \/>\n<span style=\"font-size: 12pt;\"> \u00a0<\/span><br \/>\n<span style=\"font-size: 12pt;\"> <img loading=\"lazy\" class=\"size-medium wp-image-4090 alignleft\" src=\"http:\/\/www.alexandrarombinha.pt\/wp-content\/uploads\/2016\/08\/aex-222x300.jpeg\" alt=\"livro\" width=\"222\" height=\"300\" srcset=\"https:\/\/alexandrarombinha.pt\/wp-content\/uploads\/2016\/08\/aex-222x300.jpeg 222w, https:\/\/alexandrarombinha.pt\/wp-content\/uploads\/2016\/08\/aex.jpeg 286w\" sizes=\"(max-width: 222px) 100vw, 222px\" \/>Desenvolver o potencial natural de cada crian\u00e7a no dom\u00ednio f\u00edsico-motor, emocional, mental e vibracional, de acordo com a singularidade de cada uma. Aos professores s\u00e3o sugeridas v\u00e1rias atividades de forma a potenciar o est\u00edmulo do autoconhecimento e desenvolvimento pessoal atrav\u00e9s da explora\u00e7\u00e3o de v\u00e1rios recursos internos e externos. O eneagrama da personalidade assume um papel de destaque e impulsiona o aprofundamento deste instrumento milenar, em termos educacionais.<\/span><br \/>\n<span style=\"font-size: 12pt;\"> \u00a0<\/span><br \/>\n<span style=\"font-size: 12pt;\"> \u00a0<\/span><br \/>\n<span style=\"font-size: 12pt;\"> \u00a0<\/span><br \/>\n<span style=\"font-size: 12pt;\"> O conto \u00e9 uma viagem ao interior inconsciente de cada um, num tempo sem tempo e onde cada qual \u00e9 transportado atrav\u00e9s da magia dos seus personagens. Pretende transmitir uma mensagem de encorajamento e um novo olhar na capacidade de ACREDITAR num novo recome\u00e7o.<\/span><\/p>\n<p style=\"text-align: justify;\"><span style=\"font-size: 12pt;\"><strong>Exclusivo, fa\u00e7a aqui a sua encomenda do livro autografado por apenas 13 euros com portes inclu\u00eddos para Portugal:<\/strong><br \/>\n<\/span><\/p>\n<div role=\"form\" class=\"wpcf7\" id=\"wpcf7-f4284-o1\" lang=\"pt-PT\" dir=\"ltr\">\n<div class=\"screen-reader-response\"><p role=\"status\" aria-live=\"polite\" aria-atomic=\"true\"><\/p> <ul><\/ul><\/div>\n<form action=\"\/index.php?rest_route=%2Fwp%2Fv2%2Fpages%2F4047#wpcf7-f4284-o1\" method=\"post\" class=\"wpcf7-form init\" novalidate=\"novalidate\" data-status=\"init\">\n<div style=\"display: none;\">\n<input type=\"hidden\" name=\"_wpcf7\" value=\"4284\" \/>\n<input type=\"hidden\" name=\"_wpcf7_version\" value=\"5.4.1\" \/>\n<input type=\"hidden\" name=\"_wpcf7_locale\" value=\"pt_PT\" \/>\n<input type=\"hidden\" name=\"_wpcf7_unit_tag\" value=\"wpcf7-f4284-o1\" \/>\n<input type=\"hidden\" name=\"_wpcf7_container_post\" value=\"0\" \/>\n<input type=\"hidden\" name=\"_wpcf7_posted_data_hash\" value=\"\" \/>\n<\/div>\n<p><label>Nome<br \/>\n    <span class=\"wpcf7-form-control-wrap your-name\"><input type=\"text\" name=\"your-name\" value=\"\" size=\"40\" class=\"wpcf7-form-control wpcf7-text wpcf7-validates-as-required\" aria-required=\"true\" aria-invalid=\"false\" \/><\/span> <\/label><\/p>\n<p><label>E-mail<br \/>\n    <span class=\"wpcf7-form-control-wrap your-email\"><input type=\"text\" name=\"your-email\" value=\"\" size=\"40\" class=\"wpcf7-form-control wpcf7-text wpcf7-validates-as-required\" aria-required=\"true\" aria-invalid=\"false\" \/><\/span> <\/label><\/p>\n<p><label>Quantidade de livros<br \/>\n    <span class=\"wpcf7-form-control-wrap your-subject\"><input type=\"text\" name=\"your-subject\" value=\"\" size=\"40\" class=\"wpcf7-form-control wpcf7-text wpcf7-validates-as-required\" aria-required=\"true\" aria-invalid=\"false\" \/><\/span> <\/label><\/p>\n<p><label>Morada<br \/>\n    <span class=\"wpcf7-form-control-wrap your-message\"><textarea name=\"your-message\" cols=\"40\" rows=\"10\" class=\"wpcf7-form-control wpcf7-textarea wpcf7-validates-as-required\" aria-required=\"true\" aria-invalid=\"false\"><\/textarea><\/span> <\/label><\/p>\n<p><input type=\"submit\" value=\"Enviar\" class=\"wpcf7-form-control wpcf7-submit\" \/><\/p>\n<div class=\"wpcf7-response-output\" aria-hidden=\"true\"><\/div><\/form><\/div>\n","protected":false},"excerpt":{"rendered":"<p>Quando Tu Acreditas! Autor: Alexandra Rombinha Data de publica\u00e7\u00e3o: Fevereiro de 2015 N\u00famero de p\u00e1ginas: 66 ISBN: 978-989-51-3600-1 Colec\u00e7\u00e3o: Literatura Juvenil G\u00e9nero: Conto Infantil Sinopse Encontramo-nos num per\u00edodo onde s\u00e3o grandes as transforma\u00e7\u00f5es da mentalidade que ocorrem na nossa sociedade. Este livro apela \u00e0 reflex\u00e3o em como SER um entre muitos. De que forma os&#8230;<\/p>\n","protected":false},"author":2,"featured_media":0,"parent":0,"menu_order":0,"comment_status":"closed","ping_status":"closed","template":"","meta":[],"yoast_head":"<!-- This site is optimized with the Yoast SEO plugin v16.4 - https:\/\/yoast.com\/wordpress\/plugins\/seo\/ -->\n<meta name=\"robots\" content=\"index, follow, max-snippet:-1, max-image-preview:large, max-video-preview:-1\" \/>\n<link rel=\"canonical\" href=\"https:\/\/alexandrarombinha.pt\/?page_id=4047\" \/>\n<meta property=\"og:locale\" content=\"pt_PT\" \/>\n<meta property=\"og:type\" content=\"article\" \/>\n<meta property=\"og:title\" content=\"Livro - Autoconhecimento de Resson\u00e2ncia - Alexandra Rombinha\" \/>\n<meta property=\"og:description\" content=\"Quando Tu Acreditas! Autor: Alexandra Rombinha Data de publica\u00e7\u00e3o: Fevereiro de 2015 N\u00famero de p\u00e1ginas: 66 ISBN: 978-989-51-3600-1 Colec\u00e7\u00e3o: Literatura Juvenil G\u00e9nero: Conto Infantil Sinopse Encontramo-nos num per\u00edodo onde s\u00e3o grandes as transforma\u00e7\u00f5es da mentalidade que ocorrem na nossa sociedade. Este livro apela \u00e0 reflex\u00e3o em como SER um entre muitos. De que forma os...\" \/>\n<meta property=\"og:url\" content=\"https:\/\/alexandrarombinha.pt\/?page_id=4047\" \/>\n<meta property=\"og:site_name\" content=\"Autoconhecimento de Resson\u00e2ncia - Alexandra Rombinha\" \/>\n<meta property=\"article:modified_time\" content=\"2017-01-03T22:41:04+00:00\" \/>\n<meta property=\"og:image\" content=\"http:\/\/www.alexandrarombinha.pt\/wp-content\/uploads\/2016\/08\/livro-300x282.jpg\" \/>\n<meta name=\"twitter:card\" content=\"summary_large_image\" \/>\n<meta name=\"twitter:label1\" content=\"Tempo estimado de leitura\" \/>\n\t<meta name=\"twitter:data1\" content=\"1 minuto\" \/>\n<script type=\"application\/ld+json\" class=\"yoast-schema-graph\">{\"@context\":\"https:\/\/schema.org\",\"@graph\":[{\"@type\":[\"Person\",\"Organization\"],\"@id\":\"https:\/\/alexandrarombinha.pt\/#\/schema\/person\/7cb3b6c15eb82df6c5fb214eed41bdc6\",\"name\":\"Alexandra Rombinha\",\"image\":{\"@type\":\"ImageObject\",\"@id\":\"https:\/\/alexandrarombinha.pt\/#personlogo\",\"inLanguage\":\"pt-PT\",\"url\":\"https:\/\/secure.gravatar.com\/avatar\/519a7f9b5b413d58d6e587e853269962?s=96&d=mm&r=g\",\"contentUrl\":\"https:\/\/secure.gravatar.com\/avatar\/519a7f9b5b413d58d6e587e853269962?s=96&d=mm&r=g\",\"caption\":\"Alexandra Rombinha\"},\"logo\":{\"@id\":\"https:\/\/alexandrarombinha.pt\/#personlogo\"}},{\"@type\":\"WebSite\",\"@id\":\"https:\/\/alexandrarombinha.pt\/#website\",\"url\":\"https:\/\/alexandrarombinha.pt\/\",\"name\":\"Autoconhecimento de Resson\\u00e2ncia - Alexandra Rombinha\",\"description\":\"Mental and Behavior Coach\",\"publisher\":{\"@id\":\"https:\/\/alexandrarombinha.pt\/#\/schema\/person\/7cb3b6c15eb82df6c5fb214eed41bdc6\"},\"potentialAction\":[{\"@type\":\"SearchAction\",\"target\":\"https:\/\/alexandrarombinha.pt\/?s={search_term_string}\",\"query-input\":\"required name=search_term_string\"}],\"inLanguage\":\"pt-PT\"},{\"@type\":\"ImageObject\",\"@id\":\"https:\/\/alexandrarombinha.pt\/?page_id=4047#primaryimage\",\"inLanguage\":\"pt-PT\",\"url\":\"http:\/\/www.alexandrarombinha.pt\/wp-content\/uploads\/2016\/08\/livro-300x282.jpg\",\"contentUrl\":\"http:\/\/www.alexandrarombinha.pt\/wp-content\/uploads\/2016\/08\/livro-300x282.jpg\"},{\"@type\":\"WebPage\",\"@id\":\"https:\/\/alexandrarombinha.pt\/?page_id=4047#webpage\",\"url\":\"https:\/\/alexandrarombinha.pt\/?page_id=4047\",\"name\":\"Livro - Autoconhecimento de Resson\\u00e2ncia - Alexandra Rombinha\",\"isPartOf\":{\"@id\":\"https:\/\/alexandrarombinha.pt\/#website\"},\"primaryImageOfPage\":{\"@id\":\"https:\/\/alexandrarombinha.pt\/?page_id=4047#primaryimage\"},\"datePublished\":\"2016-08-25T11:49:39+00:00\",\"dateModified\":\"2017-01-03T22:41:04+00:00\",\"breadcrumb\":{\"@id\":\"https:\/\/alexandrarombinha.pt\/?page_id=4047#breadcrumb\"},\"inLanguage\":\"pt-PT\",\"potentialAction\":[{\"@type\":\"ReadAction\",\"target\":[\"https:\/\/alexandrarombinha.pt\/?page_id=4047\"]}]},{\"@type\":\"BreadcrumbList\",\"@id\":\"https:\/\/alexandrarombinha.pt\/?page_id=4047#breadcrumb\",\"itemListElement\":[{\"@type\":\"ListItem\",\"position\":1,\"item\":{\"@type\":\"WebPage\",\"@id\":\"https:\/\/alexandrarombinha.pt\/\",\"url\":\"https:\/\/alexandrarombinha.pt\/\",\"name\":\"In\\u00edcio\"}},{\"@type\":\"ListItem\",\"position\":2,\"item\":{\"@id\":\"https:\/\/alexandrarombinha.pt\/?page_id=4047#webpage\"}}]}]}<\/script>\n<!-- \/ Yoast SEO plugin. -->","_links":{"self":[{"href":"https:\/\/alexandrarombinha.pt\/index.php?rest_route=\/wp\/v2\/pages\/4047"}],"collection":[{"href":"https:\/\/alexandrarombinha.pt\/index.php?rest_route=\/wp\/v2\/pages"}],"about":[{"href":"https:\/\/alexandrarombinha.pt\/index.php?rest_route=\/wp\/v2\/types\/page"}],"author":[{"embeddable":true,"href":"https:\/\/alexandrarombinha.pt\/index.php?rest_route=\/wp\/v2\/users\/2"}],"replies":[{"embeddable":true,"href":"https:\/\/alexandrarombinha.pt\/index.php?rest_route=%2Fwp%2Fv2%2Fcomments&post=4047"}],"version-history":[{"count":8,"href":"https:\/\/alexandrarombinha.pt\/index.php?rest_route=\/wp\/v2\/pages\/4047\/revisions"}],"predecessor-version":[{"id":4091,"href":"https:\/\/alexandrarombinha.pt\/index.php?rest_route=\/wp\/v2\/pages\/4047\/revisions\/4091"}],"wp:attachment":[{"href":"https:\/\/alexandrarombinha.pt\/index.php?rest_route=%2Fwp%2Fv2%2Fmedia&parent=4047"}],"curies":[{"name":"wp","href":"https:\/\/api.w.org\/{rel}","templated":true}]}}