{"id":4183,"date":"2016-08-31T11:57:21","date_gmt":"2016-08-31T11:57:21","guid":{"rendered":"http:\/\/www.alexandrarombinha.pt\/?page_id=4183"},"modified":"2016-08-31T22:00:50","modified_gmt":"2016-08-31T22:00:50","slug":"pessoal","status":"publish","type":"page","link":"https:\/\/alexandrarombinha.pt\/?page_id=4183","title":{"rendered":"Pessoal"},"content":{"rendered":"<p><img loading=\"lazy\" class=\"size-medium wp-image-4214 alignleft\" src=\"http:\/\/www.alexandrarombinha.pt\/wp-content\/uploads\/2016\/08\/pessoal-300x282.jpg\" alt=\"pessoal\" width=\"300\" height=\"282\" srcset=\"https:\/\/alexandrarombinha.pt\/wp-content\/uploads\/2016\/08\/pessoal-300x282.jpg 300w, https:\/\/alexandrarombinha.pt\/wp-content\/uploads\/2016\/08\/pessoal-768x721.jpg 768w, https:\/\/alexandrarombinha.pt\/wp-content\/uploads\/2016\/08\/pessoal-1024x962.jpg 1024w, https:\/\/alexandrarombinha.pt\/wp-content\/uploads\/2016\/08\/pessoal-600x563.jpg 600w, https:\/\/alexandrarombinha.pt\/wp-content\/uploads\/2016\/08\/pessoal-620x582.jpg 620w, https:\/\/alexandrarombinha.pt\/wp-content\/uploads\/2016\/08\/pessoal-1000x939.jpg 1000w\" sizes=\"(max-width: 300px) 100vw, 300px\" \/><\/p>\n<ul>\n<li style=\"text-align: justify;\"><span style=\"font-size: 12pt;\"><strong>Sess\u00f5es individuais<\/strong><\/span><br \/>\n<span style=\"font-size: 12pt;\"> Apoio hipnoterap\u00eautico integrado, conforme as necessidades e a configura\u00e7\u00e3o dos problemas.<\/span><\/li>\n<\/ul>\n<ul>\n<li style=\"text-align: justify;\"><span style=\"font-size: 12pt;\"><strong>Sess\u00f5es em grupo \u201cBe Yourself\u201d<\/strong><\/span><br \/>\n<span style=\"font-size: 12pt;\"> Aprender a usar o pensamento e a mente inconsciente na constru\u00e7\u00e3o de novas perce\u00e7\u00f5es, atitudes e formas de relacionar-se consigo e com os outros, respeitando as\u00a0 caracter\u00edsticas naturais da sua personalidade<\/span>.<\/li>\n<\/ul>\n","protected":false},"excerpt":{"rendered":"<p>Sess\u00f5es individuais Apoio hipnoterap\u00eautico integrado, conforme as necessidades e a configura\u00e7\u00e3o dos problemas. Sess\u00f5es em grupo \u201cBe Yourself\u201d Aprender a usar o pensamento e a mente inconsciente na constru\u00e7\u00e3o de novas perce\u00e7\u00f5es, atitudes e formas de relacionar-se consigo e com os outros, respeitando as\u00a0 caracter\u00edsticas naturais da sua personalidade.<\/p>\n","protected":false},"author":2,"featured_media":0,"parent":4054,"menu_order":0,"comment_status":"closed","ping_status":"closed","template":"","meta":[],"yoast_head":"<!-- This site is optimized with the Yoast SEO plugin v16.4 - https:\/\/yoast.com\/wordpress\/plugins\/seo\/ -->\n<meta name=\"robots\" content=\"index, follow, max-snippet:-1, max-image-preview:large, max-video-preview:-1\" \/>\n<link rel=\"canonical\" href=\"https:\/\/alexandrarombinha.pt\/?page_id=4183\" \/>\n<meta property=\"og:locale\" content=\"pt_PT\" \/>\n<meta property=\"og:type\" content=\"article\" \/>\n<meta property=\"og:title\" content=\"Pessoal - Autoconhecimento de Resson\u00e2ncia - Alexandra Rombinha\" \/>\n<meta property=\"og:description\" content=\"Sess\u00f5es individuais Apoio hipnoterap\u00eautico integrado, conforme as necessidades e a configura\u00e7\u00e3o dos problemas. Sess\u00f5es em grupo \u201cBe Yourself\u201d Aprender a usar o pensamento e a mente inconsciente na constru\u00e7\u00e3o de novas perce\u00e7\u00f5es, atitudes e formas de relacionar-se consigo e com os outros, respeitando as\u00a0 caracter\u00edsticas naturais da sua personalidade.\" \/>\n<meta property=\"og:url\" content=\"https:\/\/alexandrarombinha.pt\/?page_id=4183\" \/>\n<meta property=\"og:site_name\" content=\"Autoconhecimento de Resson\u00e2ncia - Alexandra Rombinha\" \/>\n<meta property=\"article:modified_time\" content=\"2016-08-31T22:00:50+00:00\" \/>\n<meta property=\"og:image\" content=\"http:\/\/www.alexandrarombinha.pt\/wp-content\/uploads\/2016\/08\/pessoal-300x282.jpg\" \/>\n<meta name=\"twitter:card\" content=\"summary_large_image\" \/>\n<script type=\"application\/ld+json\" class=\"yoast-schema-graph\">{\"@context\":\"https:\/\/schema.org\",\"@graph\":[{\"@type\":[\"Person\",\"Organization\"],\"@id\":\"https:\/\/alexandrarombinha.pt\/#\/schema\/person\/7cb3b6c15eb82df6c5fb214eed41bdc6\",\"name\":\"Alexandra Rombinha\",\"image\":{\"@type\":\"ImageObject\",\"@id\":\"https:\/\/alexandrarombinha.pt\/#personlogo\",\"inLanguage\":\"pt-PT\",\"url\":\"https:\/\/secure.gravatar.com\/avatar\/519a7f9b5b413d58d6e587e853269962?s=96&d=mm&r=g\",\"contentUrl\":\"https:\/\/secure.gravatar.com\/avatar\/519a7f9b5b413d58d6e587e853269962?s=96&d=mm&r=g\",\"caption\":\"Alexandra Rombinha\"},\"logo\":{\"@id\":\"https:\/\/alexandrarombinha.pt\/#personlogo\"}},{\"@type\":\"WebSite\",\"@id\":\"https:\/\/alexandrarombinha.pt\/#website\",\"url\":\"https:\/\/alexandrarombinha.pt\/\",\"name\":\"Autoconhecimento de Resson\\u00e2ncia - Alexandra Rombinha\",\"description\":\"Mental and Behavior Coach\",\"publisher\":{\"@id\":\"https:\/\/alexandrarombinha.pt\/#\/schema\/person\/7cb3b6c15eb82df6c5fb214eed41bdc6\"},\"potentialAction\":[{\"@type\":\"SearchAction\",\"target\":\"https:\/\/alexandrarombinha.pt\/?s={search_term_string}\",\"query-input\":\"required name=search_term_string\"}],\"inLanguage\":\"pt-PT\"},{\"@type\":\"ImageObject\",\"@id\":\"https:\/\/alexandrarombinha.pt\/?page_id=4183#primaryimage\",\"inLanguage\":\"pt-PT\",\"url\":\"http:\/\/www.alexandrarombinha.pt\/wp-content\/uploads\/2016\/08\/pessoal-300x282.jpg\",\"contentUrl\":\"http:\/\/www.alexandrarombinha.pt\/wp-content\/uploads\/2016\/08\/pessoal-300x282.jpg\"},{\"@type\":\"WebPage\",\"@id\":\"https:\/\/alexandrarombinha.pt\/?page_id=4183#webpage\",\"url\":\"https:\/\/alexandrarombinha.pt\/?page_id=4183\",\"name\":\"Pessoal - Autoconhecimento de Resson\\u00e2ncia - Alexandra Rombinha\",\"isPartOf\":{\"@id\":\"https:\/\/alexandrarombinha.pt\/#website\"},\"primaryImageOfPage\":{\"@id\":\"https:\/\/alexandrarombinha.pt\/?page_id=4183#primaryimage\"},\"datePublished\":\"2016-08-31T11:57:21+00:00\",\"dateModified\":\"2016-08-31T22:00:50+00:00\",\"breadcrumb\":{\"@id\":\"https:\/\/alexandrarombinha.pt\/?page_id=4183#breadcrumb\"},\"inLanguage\":\"pt-PT\",\"potentialAction\":[{\"@type\":\"ReadAction\",\"target\":[\"https:\/\/alexandrarombinha.pt\/?page_id=4183\"]}]},{\"@type\":\"BreadcrumbList\",\"@id\":\"https:\/\/alexandrarombinha.pt\/?page_id=4183#breadcrumb\",\"itemListElement\":[{\"@type\":\"ListItem\",\"position\":1,\"item\":{\"@type\":\"WebPage\",\"@id\":\"https:\/\/alexandrarombinha.pt\/\",\"url\":\"https:\/\/alexandrarombinha.pt\/\",\"name\":\"In\\u00edcio\"}},{\"@type\":\"ListItem\",\"position\":2,\"item\":{\"@type\":\"WebPage\",\"@id\":\"https:\/\/alexandrarombinha.pt\/?page_id=4054\",\"url\":\"https:\/\/alexandrarombinha.pt\/?page_id=4054\",\"name\":\"Autoconhecimento de Resson\\u00e2ncia\"}},{\"@type\":\"ListItem\",\"position\":3,\"item\":{\"@id\":\"https:\/\/alexandrarombinha.pt\/?page_id=4183#webpage\"}}]}]}<\/script>\n<!-- \/ Yoast SEO plugin. -->","_links":{"self":[{"href":"https:\/\/alexandrarombinha.pt\/index.php?rest_route=\/wp\/v2\/pages\/4183"}],"collection":[{"href":"https:\/\/alexandrarombinha.pt\/index.php?rest_route=\/wp\/v2\/pages"}],"about":[{"href":"https:\/\/alexandrarombinha.pt\/index.php?rest_route=\/wp\/v2\/types\/page"}],"author":[{"embeddable":true,"href":"https:\/\/alexandrarombinha.pt\/index.php?rest_route=\/wp\/v2\/users\/2"}],"replies":[{"embeddable":true,"href":"https:\/\/alexandrarombinha.pt\/index.php?rest_route=%2Fwp%2Fv2%2Fcomments&post=4183"}],"version-history":[{"count":7,"href":"https:\/\/alexandrarombinha.pt\/index.php?rest_route=\/wp\/v2\/pages\/4183\/revisions"}],"predecessor-version":[{"id":4218,"href":"https:\/\/alexandrarombinha.pt\/index.php?rest_route=\/wp\/v2\/pages\/4183\/revisions\/4218"}],"up":[{"embeddable":true,"href":"https:\/\/alexandrarombinha.pt\/index.php?rest_route=\/wp\/v2\/pages\/4054"}],"wp:attachment":[{"href":"https:\/\/alexandrarombinha.pt\/index.php?rest_route=%2Fwp%2Fv2%2Fmedia&parent=4183"}],"curies":[{"name":"wp","href":"https:\/\/api.w.org\/{rel}","templated":true}]}}