{"id":4187,"date":"2016-08-31T11:59:37","date_gmt":"2016-08-31T11:59:37","guid":{"rendered":"http:\/\/www.alexandrarombinha.pt\/?page_id=4187"},"modified":"2016-08-31T22:25:45","modified_gmt":"2016-08-31T22:25:45","slug":"empresarial","status":"publish","type":"page","link":"https:\/\/alexandrarombinha.pt\/?page_id=4187","title":{"rendered":"Empresarial"},"content":{"rendered":"<p><img loading=\"lazy\" class=\"size-medium wp-image-4224 alignleft\" src=\"http:\/\/www.alexandrarombinha.pt\/wp-content\/uploads\/2016\/08\/empresarial5-300x282.jpg\" alt=\"empresarial3\" width=\"300\" height=\"282\" \/><\/p>\n<ul>\n<li style=\"text-align: justify;\"><span style=\"font-size: 12pt;\"><strong>Identifica\u00e7\u00e3o do Perfil Comportamental<\/strong><\/span><br \/>\n<span style=\"font-size: 12pt;\"> &#8211; elabora\u00e7\u00e3o e entrega de relat\u00f3rio detalhado.<\/span><\/li>\n<\/ul>\n<ul>\n<ul>\n<ul>\n<li style=\"text-align: justify;\"><span style=\"font-size: 12pt;\"><strong>Forma\u00e7\u00e3o<\/strong><\/span><br \/>\n<span style=\"font-size: 12pt;\"> &#8211; Eneagrama da Personalidade<\/span><br \/>\n<span style=\"font-size: 12pt;\"> &#8211; Eneacoaching<\/span><br \/>\n<span style=\"font-size: 12pt;\"> &#8211; Gest\u00e3o das emo\u00e7\u00f5es<\/span><br \/>\n<span style=\"font-size: 12pt;\"> &#8211; Gest\u00e3o da mudan\u00e7a<\/span><br \/>\n<span style=\"font-size: 12pt;\"> &#8211; Comunica\u00e7\u00e3o e Gest\u00e3o do tempo <\/span><\/li>\n<\/ul>\n<\/ul>\n<\/ul>\n","protected":false},"excerpt":{"rendered":"<p>Identifica\u00e7\u00e3o do Perfil Comportamental &#8211; elabora\u00e7\u00e3o e entrega de relat\u00f3rio detalhado. Forma\u00e7\u00e3o &#8211; Eneagrama da Personalidade &#8211; Eneacoaching &#8211; Gest\u00e3o das emo\u00e7\u00f5es &#8211; Gest\u00e3o da mudan\u00e7a &#8211; Comunica\u00e7\u00e3o e Gest\u00e3o do tempo<\/p>\n","protected":false},"author":2,"featured_media":0,"parent":4054,"menu_order":0,"comment_status":"closed","ping_status":"closed","template":"","meta":[],"yoast_head":"<!-- This site is optimized with the Yoast SEO plugin v16.4 - https:\/\/yoast.com\/wordpress\/plugins\/seo\/ -->\n<meta name=\"robots\" content=\"index, follow, max-snippet:-1, max-image-preview:large, max-video-preview:-1\" \/>\n<link rel=\"canonical\" href=\"https:\/\/alexandrarombinha.pt\/?page_id=4187\" \/>\n<meta property=\"og:locale\" content=\"pt_PT\" \/>\n<meta property=\"og:type\" content=\"article\" \/>\n<meta property=\"og:title\" content=\"Empresarial - Autoconhecimento de Resson\u00e2ncia - Alexandra Rombinha\" \/>\n<meta property=\"og:description\" content=\"Identifica\u00e7\u00e3o do Perfil Comportamental &#8211; elabora\u00e7\u00e3o e entrega de relat\u00f3rio detalhado. Forma\u00e7\u00e3o &#8211; Eneagrama da Personalidade &#8211; Eneacoaching &#8211; Gest\u00e3o das emo\u00e7\u00f5es &#8211; Gest\u00e3o da mudan\u00e7a &#8211; Comunica\u00e7\u00e3o e Gest\u00e3o do tempo\" \/>\n<meta property=\"og:url\" content=\"https:\/\/alexandrarombinha.pt\/?page_id=4187\" \/>\n<meta property=\"og:site_name\" content=\"Autoconhecimento de Resson\u00e2ncia - Alexandra Rombinha\" \/>\n<meta property=\"article:modified_time\" content=\"2016-08-31T22:25:45+00:00\" \/>\n<meta property=\"og:image\" content=\"http:\/\/www.alexandrarombinha.pt\/wp-content\/uploads\/2016\/08\/empresarial5-300x282.jpg\" \/>\n<meta name=\"twitter:card\" content=\"summary_large_image\" \/>\n<script type=\"application\/ld+json\" class=\"yoast-schema-graph\">{\"@context\":\"https:\/\/schema.org\",\"@graph\":[{\"@type\":[\"Person\",\"Organization\"],\"@id\":\"https:\/\/alexandrarombinha.pt\/#\/schema\/person\/7cb3b6c15eb82df6c5fb214eed41bdc6\",\"name\":\"Alexandra Rombinha\",\"image\":{\"@type\":\"ImageObject\",\"@id\":\"https:\/\/alexandrarombinha.pt\/#personlogo\",\"inLanguage\":\"pt-PT\",\"url\":\"https:\/\/secure.gravatar.com\/avatar\/519a7f9b5b413d58d6e587e853269962?s=96&d=mm&r=g\",\"contentUrl\":\"https:\/\/secure.gravatar.com\/avatar\/519a7f9b5b413d58d6e587e853269962?s=96&d=mm&r=g\",\"caption\":\"Alexandra Rombinha\"},\"logo\":{\"@id\":\"https:\/\/alexandrarombinha.pt\/#personlogo\"}},{\"@type\":\"WebSite\",\"@id\":\"https:\/\/alexandrarombinha.pt\/#website\",\"url\":\"https:\/\/alexandrarombinha.pt\/\",\"name\":\"Autoconhecimento de Resson\\u00e2ncia - Alexandra Rombinha\",\"description\":\"Mental and Behavior Coach\",\"publisher\":{\"@id\":\"https:\/\/alexandrarombinha.pt\/#\/schema\/person\/7cb3b6c15eb82df6c5fb214eed41bdc6\"},\"potentialAction\":[{\"@type\":\"SearchAction\",\"target\":\"https:\/\/alexandrarombinha.pt\/?s={search_term_string}\",\"query-input\":\"required name=search_term_string\"}],\"inLanguage\":\"pt-PT\"},{\"@type\":\"ImageObject\",\"@id\":\"https:\/\/alexandrarombinha.pt\/?page_id=4187#primaryimage\",\"inLanguage\":\"pt-PT\",\"url\":\"http:\/\/www.alexandrarombinha.pt\/wp-content\/uploads\/2016\/08\/empresarial5-300x282.jpg\",\"contentUrl\":\"http:\/\/www.alexandrarombinha.pt\/wp-content\/uploads\/2016\/08\/empresarial5-300x282.jpg\"},{\"@type\":\"WebPage\",\"@id\":\"https:\/\/alexandrarombinha.pt\/?page_id=4187#webpage\",\"url\":\"https:\/\/alexandrarombinha.pt\/?page_id=4187\",\"name\":\"Empresarial - Autoconhecimento de Resson\\u00e2ncia - Alexandra Rombinha\",\"isPartOf\":{\"@id\":\"https:\/\/alexandrarombinha.pt\/#website\"},\"primaryImageOfPage\":{\"@id\":\"https:\/\/alexandrarombinha.pt\/?page_id=4187#primaryimage\"},\"datePublished\":\"2016-08-31T11:59:37+00:00\",\"dateModified\":\"2016-08-31T22:25:45+00:00\",\"breadcrumb\":{\"@id\":\"https:\/\/alexandrarombinha.pt\/?page_id=4187#breadcrumb\"},\"inLanguage\":\"pt-PT\",\"potentialAction\":[{\"@type\":\"ReadAction\",\"target\":[\"https:\/\/alexandrarombinha.pt\/?page_id=4187\"]}]},{\"@type\":\"BreadcrumbList\",\"@id\":\"https:\/\/alexandrarombinha.pt\/?page_id=4187#breadcrumb\",\"itemListElement\":[{\"@type\":\"ListItem\",\"position\":1,\"item\":{\"@type\":\"WebPage\",\"@id\":\"https:\/\/alexandrarombinha.pt\/\",\"url\":\"https:\/\/alexandrarombinha.pt\/\",\"name\":\"In\\u00edcio\"}},{\"@type\":\"ListItem\",\"position\":2,\"item\":{\"@type\":\"WebPage\",\"@id\":\"https:\/\/alexandrarombinha.pt\/?page_id=4054\",\"url\":\"https:\/\/alexandrarombinha.pt\/?page_id=4054\",\"name\":\"Autoconhecimento de Resson\\u00e2ncia\"}},{\"@type\":\"ListItem\",\"position\":3,\"item\":{\"@id\":\"https:\/\/alexandrarombinha.pt\/?page_id=4187#webpage\"}}]}]}<\/script>\n<!-- \/ Yoast SEO plugin. -->","_links":{"self":[{"href":"https:\/\/alexandrarombinha.pt\/index.php?rest_route=\/wp\/v2\/pages\/4187"}],"collection":[{"href":"https:\/\/alexandrarombinha.pt\/index.php?rest_route=\/wp\/v2\/pages"}],"about":[{"href":"https:\/\/alexandrarombinha.pt\/index.php?rest_route=\/wp\/v2\/types\/page"}],"author":[{"embeddable":true,"href":"https:\/\/alexandrarombinha.pt\/index.php?rest_route=\/wp\/v2\/users\/2"}],"replies":[{"embeddable":true,"href":"https:\/\/alexandrarombinha.pt\/index.php?rest_route=%2Fwp%2Fv2%2Fcomments&post=4187"}],"version-history":[{"count":13,"href":"https:\/\/alexandrarombinha.pt\/index.php?rest_route=\/wp\/v2\/pages\/4187\/revisions"}],"predecessor-version":[{"id":4232,"href":"https:\/\/alexandrarombinha.pt\/index.php?rest_route=\/wp\/v2\/pages\/4187\/revisions\/4232"}],"up":[{"embeddable":true,"href":"https:\/\/alexandrarombinha.pt\/index.php?rest_route=\/wp\/v2\/pages\/4054"}],"wp:attachment":[{"href":"https:\/\/alexandrarombinha.pt\/index.php?rest_route=%2Fwp%2Fv2%2Fmedia&parent=4187"}],"curies":[{"name":"wp","href":"https:\/\/api.w.org\/{rel}","templated":true}]}}